{"id":1337,"date":"2024-06-14T15:58:19","date_gmt":"2024-06-14T13:58:19","guid":{"rendered":"https:\/\/sophro-epokhe.fr\/?page_id=1337"},"modified":"2024-06-21T13:39:08","modified_gmt":"2024-06-21T11:39:08","slug":"code-de-deontologie","status":"publish","type":"page","link":"https:\/\/sophro-epokhe.fr\/?page_id=1337","title":{"rendered":"R\u00e8glementation"},"content":{"rendered":"\n<div class=\"wp-block-media-text is-stacked-on-mobile\" style=\"grid-template-columns:29% auto\"><figure class=\"wp-block-media-text__media\"><img loading=\"lazy\" decoding=\"async\" width=\"542\" height=\"546\" src=\"https:\/\/sophro-epokhe.fr\/wp-content\/uploads\/2024\/06\/logo-SFS.jpg\" alt=\"\" class=\"wp-image-1356 size-full\" srcset=\"https:\/\/sophro-epokhe.fr\/wp-content\/uploads\/2024\/06\/logo-SFS.jpg 542w, https:\/\/sophro-epokhe.fr\/wp-content\/uploads\/2024\/06\/logo-SFS-298x300.jpg 298w, https:\/\/sophro-epokhe.fr\/wp-content\/uploads\/2024\/06\/logo-SFS-150x150.jpg 150w\" sizes=\"auto, (max-width: 542px) 100vw, 542px\" \/><\/figure><div class=\"wp-block-media-text__content\">\n<p class=\"has-text-color has-link-color wp-elements-635e986f1c9dde6719a98030c960f994\" style=\"color:#393939\">Je suis membre de la <a href=\"https:\/\/www.sophrologie-francaise.com\/\">Soci\u00e9t\u00e9 Fran\u00e7aise de Sophrologie<\/a><\/p>\n\n\n\n<p class=\"has-text-color has-link-color wp-elements-ff2dc898b49d32b17630f1441b29fb49\" style=\"color:#393939\">J&rsquo;exerce : <\/p>\n\n\n\n<ul style=\"color:#393939\" class=\"has-text-color has-link-color wp-block-list wp-elements-4295b787d25b3522e14e500fde51ba86\">\n<li>dans le respect des lois et des r\u00e8glements r\u00e9gissant ma profession<\/li>\n\n\n\n<li>dans le respect de l&rsquo;int\u00e9grit\u00e9 et de la dignit\u00e9 des personnes en traitement<\/li>\n\n\n\n<li>dans le respect du code de d\u00e9ontologie consultable <a href=\"https:\/\/www.sophrologie-francaise.com\/code-deontologie\/\">ici<\/a><\/li>\n<\/ul>\n<\/div><\/div>\n","protected":false},"excerpt":{"rendered":"","protected":false},"author":1,"featured_media":0,"parent":0,"menu_order":0,"comment_status":"closed","ping_status":"closed","template":"","meta":{"footnotes":""},"class_list":["post-1337","page","type-page","status-publish","hentry"],"yoast_head":"<!-- This site is optimized with the Yoast SEO plugin v27.3 - https:\/\/yoast.com\/product\/yoast-seo-wordpress\/ -->\n<title>R\u00e8glementation - Sophro Epokhe<\/title>\n<meta name=\"description\" content=\"V\u00e9ronique Thirion, Sophrologue, membre de la SFS, exerce dans le respect des lois et des r\u00e8glements r\u00e9gissant sa profession.\" \/>\n<meta name=\"robots\" content=\"index, follow, max-snippet:-1, max-image-preview:large, max-video-preview:-1\" \/>\n<link rel=\"canonical\" href=\"https:\/\/sophro-epokhe.fr\/?page_id=1337\" \/>\n<meta property=\"og:locale\" content=\"fr_FR\" \/>\n<meta property=\"og:type\" content=\"article\" \/>\n<meta property=\"og:title\" content=\"R\u00e8glementation - Sophro Epokhe\" \/>\n<meta property=\"og:description\" content=\"V\u00e9ronique Thirion, Sophrologue, membre de la SFS, exerce dans le respect des lois et des r\u00e8glements r\u00e9gissant sa profession.\" \/>\n<meta property=\"og:url\" content=\"https:\/\/sophro-epokhe.fr\/?page_id=1337\" \/>\n<meta property=\"og:site_name\" content=\"Sophro Epokhe\" \/>\n<meta property=\"article:modified_time\" content=\"2024-06-21T11:39:08+00:00\" \/>\n<meta property=\"og:image\" content=\"https:\/\/sophro-epokhe.fr\/wp-content\/uploads\/2024\/06\/logo-SFS.jpg\" \/>\n<meta name=\"twitter:card\" content=\"summary_large_image\" \/>\n<meta name=\"twitter:label1\" content=\"Dur\u00e9e de lecture estim\u00e9e\" \/>\n\t<meta name=\"twitter:data1\" content=\"1 minute\" \/>\n<script type=\"application\/ld+json\" class=\"yoast-schema-graph\">{\"@context\":\"https:\\\/\\\/schema.org\",\"@graph\":[{\"@type\":\"WebPage\",\"@id\":\"https:\\\/\\\/sophro-epokhe.fr\\\/?page_id=1337\",\"url\":\"https:\\\/\\\/sophro-epokhe.fr\\\/?page_id=1337\",\"name\":\"R\u00e8glementation - Sophro Epokhe\",\"isPartOf\":{\"@id\":\"https:\\\/\\\/sophro-epokhe.fr\\\/#website\"},\"primaryImageOfPage\":{\"@id\":\"https:\\\/\\\/sophro-epokhe.fr\\\/?page_id=1337#primaryimage\"},\"image\":{\"@id\":\"https:\\\/\\\/sophro-epokhe.fr\\\/?page_id=1337#primaryimage\"},\"thumbnailUrl\":\"https:\\\/\\\/sophro-epokhe.fr\\\/wp-content\\\/uploads\\\/2024\\\/06\\\/logo-SFS.jpg\",\"datePublished\":\"2024-06-14T13:58:19+00:00\",\"dateModified\":\"2024-06-21T11:39:08+00:00\",\"description\":\"V\u00e9ronique Thirion, Sophrologue, membre de la SFS, exerce dans le respect des lois et des r\u00e8glements r\u00e9gissant sa profession.\",\"breadcrumb\":{\"@id\":\"https:\\\/\\\/sophro-epokhe.fr\\\/?page_id=1337#breadcrumb\"},\"inLanguage\":\"fr-FR\",\"potentialAction\":[{\"@type\":\"ReadAction\",\"target\":[\"https:\\\/\\\/sophro-epokhe.fr\\\/?page_id=1337\"]}]},{\"@type\":\"ImageObject\",\"inLanguage\":\"fr-FR\",\"@id\":\"https:\\\/\\\/sophro-epokhe.fr\\\/?page_id=1337#primaryimage\",\"url\":\"https:\\\/\\\/sophro-epokhe.fr\\\/wp-content\\\/uploads\\\/2024\\\/06\\\/logo-SFS.jpg\",\"contentUrl\":\"https:\\\/\\\/sophro-epokhe.fr\\\/wp-content\\\/uploads\\\/2024\\\/06\\\/logo-SFS.jpg\",\"width\":542,\"height\":546},{\"@type\":\"BreadcrumbList\",\"@id\":\"https:\\\/\\\/sophro-epokhe.fr\\\/?page_id=1337#breadcrumb\",\"itemListElement\":[{\"@type\":\"ListItem\",\"position\":1,\"name\":\"Accueil\",\"item\":\"https:\\\/\\\/sophro-epokhe.fr\\\/\"},{\"@type\":\"ListItem\",\"position\":2,\"name\":\"R\u00e8glementation\"}]},{\"@type\":\"WebSite\",\"@id\":\"https:\\\/\\\/sophro-epokhe.fr\\\/#website\",\"url\":\"https:\\\/\\\/sophro-epokhe.fr\\\/\",\"name\":\"Sophro Epokhe\",\"description\":\"\",\"publisher\":{\"@id\":\"https:\\\/\\\/sophro-epokhe.fr\\\/#organization\"},\"potentialAction\":[{\"@type\":\"SearchAction\",\"target\":{\"@type\":\"EntryPoint\",\"urlTemplate\":\"https:\\\/\\\/sophro-epokhe.fr\\\/?s={search_term_string}\"},\"query-input\":{\"@type\":\"PropertyValueSpecification\",\"valueRequired\":true,\"valueName\":\"search_term_string\"}}],\"inLanguage\":\"fr-FR\"},{\"@type\":\"Organization\",\"@id\":\"https:\\\/\\\/sophro-epokhe.fr\\\/#organization\",\"name\":\"Sophro Epokhe\",\"url\":\"https:\\\/\\\/sophro-epokhe.fr\\\/\",\"logo\":{\"@type\":\"ImageObject\",\"inLanguage\":\"fr-FR\",\"@id\":\"https:\\\/\\\/sophro-epokhe.fr\\\/#\\\/schema\\\/logo\\\/image\\\/\",\"url\":\"https:\\\/\\\/sophro-epokhe.fr\\\/wp-content\\\/uploads\\\/2024\\\/04\\\/cropped-logo.jpg\",\"contentUrl\":\"https:\\\/\\\/sophro-epokhe.fr\\\/wp-content\\\/uploads\\\/2024\\\/04\\\/cropped-logo.jpg\",\"width\":384,\"height\":384,\"caption\":\"Sophro Epokhe\"},\"image\":{\"@id\":\"https:\\\/\\\/sophro-epokhe.fr\\\/#\\\/schema\\\/logo\\\/image\\\/\"}}]}<\/script>\n<!-- \/ Yoast SEO plugin. -->","yoast_head_json":{"title":"R\u00e8glementation - Sophro Epokhe","description":"V\u00e9ronique Thirion, Sophrologue, membre de la SFS, exerce dans le respect des lois et des r\u00e8glements r\u00e9gissant sa profession.","robots":{"index":"index","follow":"follow","max-snippet":"max-snippet:-1","max-image-preview":"max-image-preview:large","max-video-preview":"max-video-preview:-1"},"canonical":"https:\/\/sophro-epokhe.fr\/?page_id=1337","og_locale":"fr_FR","og_type":"article","og_title":"R\u00e8glementation - Sophro Epokhe","og_description":"V\u00e9ronique Thirion, Sophrologue, membre de la SFS, exerce dans le respect des lois et des r\u00e8glements r\u00e9gissant sa profession.","og_url":"https:\/\/sophro-epokhe.fr\/?page_id=1337","og_site_name":"Sophro Epokhe","article_modified_time":"2024-06-21T11:39:08+00:00","og_image":[{"url":"https:\/\/sophro-epokhe.fr\/wp-content\/uploads\/2024\/06\/logo-SFS.jpg","type":"","width":"","height":""}],"twitter_card":"summary_large_image","twitter_misc":{"Dur\u00e9e de lecture estim\u00e9e":"1 minute"},"schema":{"@context":"https:\/\/schema.org","@graph":[{"@type":"WebPage","@id":"https:\/\/sophro-epokhe.fr\/?page_id=1337","url":"https:\/\/sophro-epokhe.fr\/?page_id=1337","name":"R\u00e8glementation - Sophro Epokhe","isPartOf":{"@id":"https:\/\/sophro-epokhe.fr\/#website"},"primaryImageOfPage":{"@id":"https:\/\/sophro-epokhe.fr\/?page_id=1337#primaryimage"},"image":{"@id":"https:\/\/sophro-epokhe.fr\/?page_id=1337#primaryimage"},"thumbnailUrl":"https:\/\/sophro-epokhe.fr\/wp-content\/uploads\/2024\/06\/logo-SFS.jpg","datePublished":"2024-06-14T13:58:19+00:00","dateModified":"2024-06-21T11:39:08+00:00","description":"V\u00e9ronique Thirion, Sophrologue, membre de la SFS, exerce dans le respect des lois et des r\u00e8glements r\u00e9gissant sa profession.","breadcrumb":{"@id":"https:\/\/sophro-epokhe.fr\/?page_id=1337#breadcrumb"},"inLanguage":"fr-FR","potentialAction":[{"@type":"ReadAction","target":["https:\/\/sophro-epokhe.fr\/?page_id=1337"]}]},{"@type":"ImageObject","inLanguage":"fr-FR","@id":"https:\/\/sophro-epokhe.fr\/?page_id=1337#primaryimage","url":"https:\/\/sophro-epokhe.fr\/wp-content\/uploads\/2024\/06\/logo-SFS.jpg","contentUrl":"https:\/\/sophro-epokhe.fr\/wp-content\/uploads\/2024\/06\/logo-SFS.jpg","width":542,"height":546},{"@type":"BreadcrumbList","@id":"https:\/\/sophro-epokhe.fr\/?page_id=1337#breadcrumb","itemListElement":[{"@type":"ListItem","position":1,"name":"Accueil","item":"https:\/\/sophro-epokhe.fr\/"},{"@type":"ListItem","position":2,"name":"R\u00e8glementation"}]},{"@type":"WebSite","@id":"https:\/\/sophro-epokhe.fr\/#website","url":"https:\/\/sophro-epokhe.fr\/","name":"Sophro Epokhe","description":"","publisher":{"@id":"https:\/\/sophro-epokhe.fr\/#organization"},"potentialAction":[{"@type":"SearchAction","target":{"@type":"EntryPoint","urlTemplate":"https:\/\/sophro-epokhe.fr\/?s={search_term_string}"},"query-input":{"@type":"PropertyValueSpecification","valueRequired":true,"valueName":"search_term_string"}}],"inLanguage":"fr-FR"},{"@type":"Organization","@id":"https:\/\/sophro-epokhe.fr\/#organization","name":"Sophro Epokhe","url":"https:\/\/sophro-epokhe.fr\/","logo":{"@type":"ImageObject","inLanguage":"fr-FR","@id":"https:\/\/sophro-epokhe.fr\/#\/schema\/logo\/image\/","url":"https:\/\/sophro-epokhe.fr\/wp-content\/uploads\/2024\/04\/cropped-logo.jpg","contentUrl":"https:\/\/sophro-epokhe.fr\/wp-content\/uploads\/2024\/04\/cropped-logo.jpg","width":384,"height":384,"caption":"Sophro Epokhe"},"image":{"@id":"https:\/\/sophro-epokhe.fr\/#\/schema\/logo\/image\/"}}]}},"_links":{"self":[{"href":"https:\/\/sophro-epokhe.fr\/index.php?rest_route=\/wp\/v2\/pages\/1337","targetHints":{"allow":["GET"]}}],"collection":[{"href":"https:\/\/sophro-epokhe.fr\/index.php?rest_route=\/wp\/v2\/pages"}],"about":[{"href":"https:\/\/sophro-epokhe.fr\/index.php?rest_route=\/wp\/v2\/types\/page"}],"author":[{"embeddable":true,"href":"https:\/\/sophro-epokhe.fr\/index.php?rest_route=\/wp\/v2\/users\/1"}],"replies":[{"embeddable":true,"href":"https:\/\/sophro-epokhe.fr\/index.php?rest_route=%2Fwp%2Fv2%2Fcomments&post=1337"}],"version-history":[{"count":8,"href":"https:\/\/sophro-epokhe.fr\/index.php?rest_route=\/wp\/v2\/pages\/1337\/revisions"}],"predecessor-version":[{"id":1360,"href":"https:\/\/sophro-epokhe.fr\/index.php?rest_route=\/wp\/v2\/pages\/1337\/revisions\/1360"}],"wp:attachment":[{"href":"https:\/\/sophro-epokhe.fr\/index.php?rest_route=%2Fwp%2Fv2%2Fmedia&parent=1337"}],"curies":[{"name":"wp","href":"https:\/\/api.w.org\/{rel}","templated":true}]}}