{"id":439,"date":"2024-02-07T11:25:43","date_gmt":"2024-02-07T10:25:43","guid":{"rendered":"https:\/\/sophro-epokhe.fr\/?page_id=439"},"modified":"2025-08-30T16:33:59","modified_gmt":"2025-08-30T14:33:59","slug":"prestations-et-tarifs","status":"publish","type":"page","link":"https:\/\/sophro-epokhe.fr\/?page_id=439","title":{"rendered":"Prestations et tarifs"},"content":{"rendered":"\n<p class=\"has-text-color has-link-color wp-elements-0e3fc48cc1cfba3bfed64705d6880d5b\" style=\"color:#393939\">La sophrologie peut se pratiquer en s\u00e9ances individuelles ou en groupe. En fonction de vos attentes et vos besoins, nous pouvons d\u00e9terminer ensemble ce qui vous conviendrait.<\/p>\n\n\n\n<div class=\"wp-block-columns are-vertically-aligned-top is-layout-flex wp-container-core-columns-is-layout-9d6595d7 wp-block-columns-is-layout-flex\">\n<div class=\"wp-block-column is-vertically-aligned-top is-layout-flow wp-block-column-is-layout-flow\">\n<div class=\"wp-block-columns is-layout-flex wp-container-core-columns-is-layout-9d6595d7 wp-block-columns-is-layout-flex\">\n<div class=\"wp-block-column is-layout-flow wp-block-column-is-layout-flow\" style=\"flex-basis:100%\">\n<div class=\"wp-block-group\"><div class=\"wp-block-group__inner-container is-layout-constrained wp-block-group-is-layout-constrained\">\n<div class=\"wp-block-columns has-text-color has-link-color wp-elements-8f6b03de5a3fa41455b9197b074f0c91 is-layout-flex wp-container-core-columns-is-layout-9d6595d7 wp-block-columns-is-layout-flex\" style=\"color:#504d4d\">\n<div class=\"wp-block-column is-layout-flow wp-block-column-is-layout-flow\" style=\"flex-basis:33%\">\n<figure class=\"wp-block-image size-medium\"><img loading=\"lazy\" decoding=\"async\" width=\"1000\" height=\"665\" src=\"https:\/\/sophro-epokhe.fr\/wp-content\/uploads\/2024\/02\/71Sophrologie-relaxation-dynamique-stress-detente-respiration-parenthese-verrieres-le-buisson-91370.jpg\" alt=\"\" class=\"wp-image-406\" srcset=\"https:\/\/sophro-epokhe.fr\/wp-content\/uploads\/2024\/02\/71Sophrologie-relaxation-dynamique-stress-detente-respiration-parenthese-verrieres-le-buisson-91370.jpg 1000w, https:\/\/sophro-epokhe.fr\/wp-content\/uploads\/2024\/02\/71Sophrologie-relaxation-dynamique-stress-detente-respiration-parenthese-verrieres-le-buisson-91370-300x200.jpg 300w, https:\/\/sophro-epokhe.fr\/wp-content\/uploads\/2024\/02\/71Sophrologie-relaxation-dynamique-stress-detente-respiration-parenthese-verrieres-le-buisson-91370-768x511.jpg 768w\" sizes=\"auto, (max-width: 1000px) 100vw, 1000px\" \/><\/figure>\n<\/div>\n\n\n\n<div class=\"wp-block-column is-layout-flow wp-block-column-is-layout-flow\" style=\"flex-basis:67%\">\n<h2 class=\"wp-block-heading has-text-color has-link-color has-medium-font-size wp-elements-a583e7258fdde2265678ff768e9fc584\" style=\"color:#393939\"><strong>D\u00e9roulement d&rsquo;une s\u00e9ance<\/strong><\/h2>\n\n\n\n<p class=\"has-text-color has-link-color wp-elements-79e9c754987d36545ffc4575cebeaa52\" style=\"color:#393939\">Une s\u00e9ance dure environ une heure et se d\u00e9roule en 3 temps : <\/p>\n\n\n\n<ol style=\"color:#393939\" class=\"wp-block-list has-text-color has-link-color wp-elements-7bb9db71945972392b33765fdfee79f7\">\n<li class=\"has-link-color wp-elements-7a4805c3d4c92b8cd72ce8bdc6a4c7c3\">Echange avec le sophrologue afin de mieux vous conna\u00eetre et suivre votre \u00e9volution<\/li>\n\n\n\n<li class=\"has-link-color wp-elements-f4965ec2294f7462aef31f8d24de225a\">Les exercices de relaxation dynamique<\/li>\n\n\n\n<li class=\"has-link-color wp-elements-3f2c13e25b0caafeb1b57b762e95534e\">Partage de vos ressentis apr\u00e8s les exercices <\/li>\n<\/ol>\n<\/div>\n<\/div>\n<\/div><\/div>\n<\/div>\n<\/div>\n<\/div>\n<\/div>\n\n\n\n<p class=\"has-text-color has-link-color wp-elements-011c1e203cd06128c8ee2879baafbefc\" style=\"color:#393939\">Pas besoin de tenue vestimentaire sp\u00e9cifique pour pratiquer la sophrologie. Vous serez guid\u00e9(e) par ma voix afin de r\u00e9aliser des exercices accessibles \u00e0 tous et adapt\u00e9s \u00e0 vos besoins.&nbsp;<\/p>\n\n\n\n<div class=\"wp-block-columns is-layout-flex wp-container-core-columns-is-layout-9d6595d7 wp-block-columns-is-layout-flex\">\n<div class=\"wp-block-column is-vertically-aligned-top has-black-color has-text-color has-link-color has-medium-font-size wp-elements-21e9b6683478e65e6a6915d340b7e6bf is-layout-flow wp-block-column-is-layout-flow\"><\/div>\n<\/div>\n\n\n\n<h3 class=\"wp-block-heading has-text-align-center has-text-color has-background has-link-color wp-elements-ae7e1c9879b7bc3d17b250cd841c9ee4\" style=\"color:#393939;background-color:#c2c47f\">Tarifs<\/h3>\n\n\n\n<div class=\"wp-block-columns has-text-color has-link-color wp-elements-adfd125183a5d30077303efbde4e575b is-layout-flex wp-container-core-columns-is-layout-9d6595d7 wp-block-columns-is-layout-flex\" style=\"color:#504d4d\">\n<div class=\"wp-block-column is-vertically-aligned-stretch has-background is-layout-flow wp-block-column-is-layout-flow\" style=\"background-color:#9aa177\">\n<p class=\"has-text-align-center has-text-color has-link-color wp-elements-21d16d8051c463110d80a0eefbe648e0\" style=\"color:#393939;font-size:18px\"><strong>S\u00e9ance individuelle adulte<\/strong><br>Dur\u00e9e 1 heure<br>Tarif : 60\u20ac<br><\/p>\n\n\n<div class=\"wp-block-image\">\n<figure class=\"aligncenter size-full is-resized\"><img loading=\"lazy\" decoding=\"async\" width=\"512\" height=\"384\" src=\"https:\/\/sophro-epokhe.fr\/wp-content\/uploads\/2024\/04\/01Sophrologie-relaxation-dynamique-stress-detente-respiration-parenthese-verrieres-le-buisson-91370-ad-2.jpg\" alt=\"\" class=\"wp-image-1237\" style=\"width:272px;height:auto\" srcset=\"https:\/\/sophro-epokhe.fr\/wp-content\/uploads\/2024\/04\/01Sophrologie-relaxation-dynamique-stress-detente-respiration-parenthese-verrieres-le-buisson-91370-ad-2.jpg 512w, https:\/\/sophro-epokhe.fr\/wp-content\/uploads\/2024\/04\/01Sophrologie-relaxation-dynamique-stress-detente-respiration-parenthese-verrieres-le-buisson-91370-ad-2-300x225.jpg 300w\" sizes=\"auto, (max-width: 512px) 100vw, 512px\" \/><\/figure>\n<\/div><\/div>\n\n\n\n<div class=\"wp-block-column is-vertically-aligned-stretch has-background is-layout-flow wp-block-column-is-layout-flow\" style=\"background-color:#9aa177\">\n<p class=\"has-text-align-center has-text-color has-link-color wp-elements-adf12cc136bf302d84bdb4526de5fb1e\" style=\"color:#393939;font-size:18px\"><strong>S\u00e9ance individuelle enfant<\/strong> <br>Dur\u00e9e : 45 minutes<br>Tarif : 45\u20ac<br><em>Enfant jusqu&rsquo;\u00e0 12 ans<\/em><\/p>\n\n\n<div class=\"wp-block-image\">\n<figure class=\"aligncenter size-full is-resized\"><img loading=\"lazy\" decoding=\"async\" width=\"512\" height=\"384\" src=\"https:\/\/sophro-epokhe.fr\/wp-content\/uploads\/2024\/04\/01Sophrologie-relaxation-dynamique-stress-detente-respiration-parenthese-verrieres-le-buisson-91370-v-1-2.jpg\" alt=\"\" class=\"wp-image-1238\" style=\"width:267px;height:auto\" srcset=\"https:\/\/sophro-epokhe.fr\/wp-content\/uploads\/2024\/04\/01Sophrologie-relaxation-dynamique-stress-detente-respiration-parenthese-verrieres-le-buisson-91370-v-1-2.jpg 512w, https:\/\/sophro-epokhe.fr\/wp-content\/uploads\/2024\/04\/01Sophrologie-relaxation-dynamique-stress-detente-respiration-parenthese-verrieres-le-buisson-91370-v-1-2-300x225.jpg 300w\" sizes=\"auto, (max-width: 512px) 100vw, 512px\" \/><\/figure>\n<\/div><\/div>\n\n\n\n<div class=\"wp-block-column is-vertically-aligned-stretch has-background is-layout-flow wp-block-column-is-layout-flow\" style=\"background-color:#9aa177\">\n<p class=\"has-text-align-center has-text-color has-link-color wp-elements-4585af4c2ed7b4733bf287aa464d8d63\" style=\"color:#393939;font-size:18px\"><strong>S\u00e9ance de groupe <\/strong><br>Dur\u00e9e : 1 heure<br>Tarif : 20\u20ac par personne<br><em>Minimum 3 personnes<\/em><\/p>\n\n\n<div class=\"wp-block-image\">\n<figure class=\"aligncenter size-full is-resized\"><img loading=\"lazy\" decoding=\"async\" width=\"512\" height=\"384\" src=\"https:\/\/sophro-epokhe.fr\/wp-content\/uploads\/2025\/05\/groupe-elargi.jpg\" alt=\"\" class=\"wp-image-1383\" style=\"width:273px;height:auto\" srcset=\"https:\/\/sophro-epokhe.fr\/wp-content\/uploads\/2025\/05\/groupe-elargi.jpg 512w, https:\/\/sophro-epokhe.fr\/wp-content\/uploads\/2025\/05\/groupe-elargi-300x225.jpg 300w\" sizes=\"auto, (max-width: 512px) 100vw, 512px\" \/><\/figure>\n<\/div><\/div>\n<\/div>\n\n\n\n<p><\/p>\n\n\n\n<p><\/p>\n\n\n\n<p><\/p>\n\n\n\n<h3 class=\"wp-block-heading has-text-align-center has-text-color has-background has-link-color wp-elements-e74b221a388825d5a0aaedba5baaa3dd\" style=\"color:#393939;background-color:#c2c47f\">Lieux de consultation<\/h3>\n\n\n\n<div class=\"wp-block-media-text has-media-on-the-right is-stacked-on-mobile is-vertically-aligned-top has-text-color has-link-color wp-elements-4635cbc3b58be4073da9879a4b074946\" style=\"color:#504d4d;grid-template-columns:auto 44%\"><div class=\"wp-block-media-text__content\">\n<p class=\"has-text-color has-link-color wp-elements-3a86d956bf6a6397645b48fbb7edbde9\" style=\"color:#393939;font-size:20px\"><strong>Centre de sant\u00e9 &amp; bien-\u00eatre<\/strong> <br>3 place de Paron<br>91 370 Verri\u00e8res-le-Buisson<\/p>\n\n\n\n<p class=\"has-text-color has-link-color wp-elements-1f8b1b23ffe7c0428f90d003c7019004\" style=\"color:#393939;font-size:18px\"><br><a href=\"https:\/\/maps.app.goo.gl\/8HHg7urxQpkPbsfy8\">https:\/\/maps.app.goo.gl\/8HHg7urxQpkPbsfy8<\/a><br><\/p>\n\n\n\n<figure class=\"wp-block-image size-full is-resized\"><img loading=\"lazy\" decoding=\"async\" width=\"694\" height=\"567\" src=\"https:\/\/sophro-epokhe.fr\/wp-content\/uploads\/2024\/03\/image.png\" alt=\"\" class=\"wp-image-774\" style=\"width:414px;height:auto\" srcset=\"https:\/\/sophro-epokhe.fr\/wp-content\/uploads\/2024\/03\/image.png 694w, https:\/\/sophro-epokhe.fr\/wp-content\/uploads\/2024\/03\/image-300x245.png 300w\" sizes=\"auto, (max-width: 694px) 100vw, 694px\" \/><\/figure>\n<\/div><figure class=\"wp-block-media-text__media\"><img loading=\"lazy\" decoding=\"async\" width=\"1024\" height=\"861\" src=\"https:\/\/sophro-epokhe.fr\/wp-content\/uploads\/2025\/08\/photo-externe-cabinet-1024x861.jpg\" alt=\"sophrologie cabinet\" class=\"wp-image-1402 size-full\" srcset=\"https:\/\/sophro-epokhe.fr\/wp-content\/uploads\/2025\/08\/photo-externe-cabinet-1024x861.jpg 1024w, https:\/\/sophro-epokhe.fr\/wp-content\/uploads\/2025\/08\/photo-externe-cabinet-300x252.jpg 300w, https:\/\/sophro-epokhe.fr\/wp-content\/uploads\/2025\/08\/photo-externe-cabinet-768x646.jpg 768w, https:\/\/sophro-epokhe.fr\/wp-content\/uploads\/2025\/08\/photo-externe-cabinet-1536x1291.jpg 1536w, https:\/\/sophro-epokhe.fr\/wp-content\/uploads\/2025\/08\/photo-externe-cabinet-2048x1722.jpg 2048w, https:\/\/sophro-epokhe.fr\/wp-content\/uploads\/2025\/08\/photo-externe-cabinet-1285x1080.jpg 1285w\" sizes=\"auto, (max-width: 1024px) 100vw, 1024px\" \/><\/figure><\/div>\n\n\n\n<p class=\"has-text-color has-link-color wp-elements-d14051f73b6c5fd324cda6d739392043\" style=\"color:#393939;font-size:20px\"><strong>A distance<\/strong> : <em>via Teams<\/em><\/p>\n\n\n\n<p class=\"has-text-color has-link-color wp-elements-266e998f222ea92b2c50ab4b30dceb2f\" style=\"color:#393939;font-size:20px\"><strong>A votre domicile<\/strong> : <br><em>+10\u20ac de frais de d\u00e9placement pour les communes d&rsquo;Antony, Massy, Igny, Chatenay-Malabry, Sceaux, Fontenay aux Roses, Bagneux, Chatillon. <\/em><\/p>\n\n\n\n<h3 class=\"wp-block-heading has-text-align-center has-text-color has-background has-link-color wp-elements-25dd9335f7b9430585793e1ef196d39e\" style=\"color:#393939;background-color:#c2c47f\">Moyens de r\u00e8glement<\/h3>\n\n\n\n<p class=\"has-text-color has-link-color wp-elements-834b3698a8e838082eb20ecca9893a24\" style=\"color:#393939\">Par ch\u00e8ques ou esp\u00e8ces.<br>Certaines mutuelles participent au remboursement partiel ou total des s\u00e9ances de sophrologie.<br>Facture sur demande.<\/p>\n","protected":false},"excerpt":{"rendered":"<p>La sophrologie peut se pratiquer en s\u00e9ances individuelles ou en groupe. En fonction de vos attentes et vos besoins, nous pouvons d\u00e9terminer ensemble ce qui vous conviendrait. D\u00e9roulement d&rsquo;une s\u00e9ance Une s\u00e9ance dure environ une heure et se d\u00e9roule en 3 temps : Pas besoin de tenue vestimentaire sp\u00e9cifique pour pratiquer la sophrologie. Vous serez&hellip; <br \/> <a class=\"read-more\" href=\"https:\/\/sophro-epokhe.fr\/?page_id=439\">Lire la suite<\/a><\/p>\n","protected":false},"author":1,"featured_media":0,"parent":0,"menu_order":0,"comment_status":"closed","ping_status":"closed","template":"","meta":{"footnotes":""},"class_list":["post-439","page","type-page","status-publish","hentry"],"yoast_head":"<!-- This site is optimized with the Yoast SEO plugin v27.3 - https:\/\/yoast.com\/product\/yoast-seo-wordpress\/ -->\n<title>Prestations et tarifs - Sophro Epokhe<\/title>\n<meta name=\"description\" content=\"Je propose des s\u00e9ances de sophrologie en individuel ou en groupe \u00e0 Verri\u00e8res-le-Buisson (91). Vous pouvez consulter mes tarifs sur mon site.\" \/>\n<meta name=\"robots\" content=\"index, follow, max-snippet:-1, max-image-preview:large, max-video-preview:-1\" \/>\n<link rel=\"canonical\" href=\"https:\/\/sophro-epokhe.fr\/?page_id=439\" \/>\n<meta property=\"og:locale\" content=\"fr_FR\" \/>\n<meta property=\"og:type\" content=\"article\" \/>\n<meta property=\"og:title\" content=\"Prestations et tarifs - Sophro Epokhe\" \/>\n<meta property=\"og:description\" content=\"Je propose des s\u00e9ances de sophrologie en individuel ou en groupe \u00e0 Verri\u00e8res-le-Buisson (91). Vous pouvez consulter mes tarifs sur mon site.\" \/>\n<meta property=\"og:url\" content=\"https:\/\/sophro-epokhe.fr\/?page_id=439\" \/>\n<meta property=\"og:site_name\" content=\"Sophro Epokhe\" \/>\n<meta property=\"article:modified_time\" content=\"2025-08-30T14:33:59+00:00\" \/>\n<meta property=\"og:image\" content=\"https:\/\/sophro-epokhe.fr\/wp-content\/uploads\/2024\/02\/71Sophrologie-relaxation-dynamique-stress-detente-respiration-parenthese-verrieres-le-buisson-91370.jpg\" \/>\n\t<meta property=\"og:image:width\" content=\"1000\" \/>\n\t<meta property=\"og:image:height\" content=\"665\" \/>\n\t<meta property=\"og:image:type\" content=\"image\/jpeg\" \/>\n<meta name=\"twitter:card\" content=\"summary_large_image\" \/>\n<meta name=\"twitter:label1\" content=\"Dur\u00e9e de lecture estim\u00e9e\" \/>\n\t<meta name=\"twitter:data1\" content=\"3 minutes\" \/>\n<script type=\"application\/ld+json\" class=\"yoast-schema-graph\">{\"@context\":\"https:\\\/\\\/schema.org\",\"@graph\":[{\"@type\":\"WebPage\",\"@id\":\"https:\\\/\\\/sophro-epokhe.fr\\\/?page_id=439\",\"url\":\"https:\\\/\\\/sophro-epokhe.fr\\\/?page_id=439\",\"name\":\"Prestations et tarifs - Sophro Epokhe\",\"isPartOf\":{\"@id\":\"https:\\\/\\\/sophro-epokhe.fr\\\/#website\"},\"primaryImageOfPage\":{\"@id\":\"https:\\\/\\\/sophro-epokhe.fr\\\/?page_id=439#primaryimage\"},\"image\":{\"@id\":\"https:\\\/\\\/sophro-epokhe.fr\\\/?page_id=439#primaryimage\"},\"thumbnailUrl\":\"https:\\\/\\\/sophro-epokhe.fr\\\/wp-content\\\/uploads\\\/2024\\\/02\\\/71Sophrologie-relaxation-dynamique-stress-detente-respiration-parenthese-verrieres-le-buisson-91370.jpg\",\"datePublished\":\"2024-02-07T10:25:43+00:00\",\"dateModified\":\"2025-08-30T14:33:59+00:00\",\"description\":\"Je propose des s\u00e9ances de sophrologie en individuel ou en groupe \u00e0 Verri\u00e8res-le-Buisson (91). Vous pouvez consulter mes tarifs sur mon site.\",\"breadcrumb\":{\"@id\":\"https:\\\/\\\/sophro-epokhe.fr\\\/?page_id=439#breadcrumb\"},\"inLanguage\":\"fr-FR\",\"potentialAction\":[{\"@type\":\"ReadAction\",\"target\":[\"https:\\\/\\\/sophro-epokhe.fr\\\/?page_id=439\"]}]},{\"@type\":\"ImageObject\",\"inLanguage\":\"fr-FR\",\"@id\":\"https:\\\/\\\/sophro-epokhe.fr\\\/?page_id=439#primaryimage\",\"url\":\"https:\\\/\\\/sophro-epokhe.fr\\\/wp-content\\\/uploads\\\/2024\\\/02\\\/71Sophrologie-relaxation-dynamique-stress-detente-respiration-parenthese-verrieres-le-buisson-91370.jpg\",\"contentUrl\":\"https:\\\/\\\/sophro-epokhe.fr\\\/wp-content\\\/uploads\\\/2024\\\/02\\\/71Sophrologie-relaxation-dynamique-stress-detente-respiration-parenthese-verrieres-le-buisson-91370.jpg\",\"width\":1000,\"height\":665,\"caption\":\"Free happy woman raising arms watching the sun in the background at sunrise\"},{\"@type\":\"BreadcrumbList\",\"@id\":\"https:\\\/\\\/sophro-epokhe.fr\\\/?page_id=439#breadcrumb\",\"itemListElement\":[{\"@type\":\"ListItem\",\"position\":1,\"name\":\"Accueil\",\"item\":\"https:\\\/\\\/sophro-epokhe.fr\\\/\"},{\"@type\":\"ListItem\",\"position\":2,\"name\":\"Prestations et tarifs\"}]},{\"@type\":\"WebSite\",\"@id\":\"https:\\\/\\\/sophro-epokhe.fr\\\/#website\",\"url\":\"https:\\\/\\\/sophro-epokhe.fr\\\/\",\"name\":\"Sophro Epokhe\",\"description\":\"\",\"publisher\":{\"@id\":\"https:\\\/\\\/sophro-epokhe.fr\\\/#organization\"},\"potentialAction\":[{\"@type\":\"SearchAction\",\"target\":{\"@type\":\"EntryPoint\",\"urlTemplate\":\"https:\\\/\\\/sophro-epokhe.fr\\\/?s={search_term_string}\"},\"query-input\":{\"@type\":\"PropertyValueSpecification\",\"valueRequired\":true,\"valueName\":\"search_term_string\"}}],\"inLanguage\":\"fr-FR\"},{\"@type\":\"Organization\",\"@id\":\"https:\\\/\\\/sophro-epokhe.fr\\\/#organization\",\"name\":\"Sophro Epokhe\",\"url\":\"https:\\\/\\\/sophro-epokhe.fr\\\/\",\"logo\":{\"@type\":\"ImageObject\",\"inLanguage\":\"fr-FR\",\"@id\":\"https:\\\/\\\/sophro-epokhe.fr\\\/#\\\/schema\\\/logo\\\/image\\\/\",\"url\":\"https:\\\/\\\/sophro-epokhe.fr\\\/wp-content\\\/uploads\\\/2024\\\/04\\\/cropped-logo.jpg\",\"contentUrl\":\"https:\\\/\\\/sophro-epokhe.fr\\\/wp-content\\\/uploads\\\/2024\\\/04\\\/cropped-logo.jpg\",\"width\":384,\"height\":384,\"caption\":\"Sophro Epokhe\"},\"image\":{\"@id\":\"https:\\\/\\\/sophro-epokhe.fr\\\/#\\\/schema\\\/logo\\\/image\\\/\"}}]}<\/script>\n<!-- \/ Yoast SEO plugin. -->","yoast_head_json":{"title":"Prestations et tarifs - Sophro Epokhe","description":"Je propose des s\u00e9ances de sophrologie en individuel ou en groupe \u00e0 Verri\u00e8res-le-Buisson (91). Vous pouvez consulter mes tarifs sur mon site.","robots":{"index":"index","follow":"follow","max-snippet":"max-snippet:-1","max-image-preview":"max-image-preview:large","max-video-preview":"max-video-preview:-1"},"canonical":"https:\/\/sophro-epokhe.fr\/?page_id=439","og_locale":"fr_FR","og_type":"article","og_title":"Prestations et tarifs - Sophro Epokhe","og_description":"Je propose des s\u00e9ances de sophrologie en individuel ou en groupe \u00e0 Verri\u00e8res-le-Buisson (91). Vous pouvez consulter mes tarifs sur mon site.","og_url":"https:\/\/sophro-epokhe.fr\/?page_id=439","og_site_name":"Sophro Epokhe","article_modified_time":"2025-08-30T14:33:59+00:00","og_image":[{"width":1000,"height":665,"url":"https:\/\/sophro-epokhe.fr\/wp-content\/uploads\/2024\/02\/71Sophrologie-relaxation-dynamique-stress-detente-respiration-parenthese-verrieres-le-buisson-91370.jpg","type":"image\/jpeg"}],"twitter_card":"summary_large_image","twitter_misc":{"Dur\u00e9e de lecture estim\u00e9e":"3 minutes"},"schema":{"@context":"https:\/\/schema.org","@graph":[{"@type":"WebPage","@id":"https:\/\/sophro-epokhe.fr\/?page_id=439","url":"https:\/\/sophro-epokhe.fr\/?page_id=439","name":"Prestations et tarifs - Sophro Epokhe","isPartOf":{"@id":"https:\/\/sophro-epokhe.fr\/#website"},"primaryImageOfPage":{"@id":"https:\/\/sophro-epokhe.fr\/?page_id=439#primaryimage"},"image":{"@id":"https:\/\/sophro-epokhe.fr\/?page_id=439#primaryimage"},"thumbnailUrl":"https:\/\/sophro-epokhe.fr\/wp-content\/uploads\/2024\/02\/71Sophrologie-relaxation-dynamique-stress-detente-respiration-parenthese-verrieres-le-buisson-91370.jpg","datePublished":"2024-02-07T10:25:43+00:00","dateModified":"2025-08-30T14:33:59+00:00","description":"Je propose des s\u00e9ances de sophrologie en individuel ou en groupe \u00e0 Verri\u00e8res-le-Buisson (91). Vous pouvez consulter mes tarifs sur mon site.","breadcrumb":{"@id":"https:\/\/sophro-epokhe.fr\/?page_id=439#breadcrumb"},"inLanguage":"fr-FR","potentialAction":[{"@type":"ReadAction","target":["https:\/\/sophro-epokhe.fr\/?page_id=439"]}]},{"@type":"ImageObject","inLanguage":"fr-FR","@id":"https:\/\/sophro-epokhe.fr\/?page_id=439#primaryimage","url":"https:\/\/sophro-epokhe.fr\/wp-content\/uploads\/2024\/02\/71Sophrologie-relaxation-dynamique-stress-detente-respiration-parenthese-verrieres-le-buisson-91370.jpg","contentUrl":"https:\/\/sophro-epokhe.fr\/wp-content\/uploads\/2024\/02\/71Sophrologie-relaxation-dynamique-stress-detente-respiration-parenthese-verrieres-le-buisson-91370.jpg","width":1000,"height":665,"caption":"Free happy woman raising arms watching the sun in the background at sunrise"},{"@type":"BreadcrumbList","@id":"https:\/\/sophro-epokhe.fr\/?page_id=439#breadcrumb","itemListElement":[{"@type":"ListItem","position":1,"name":"Accueil","item":"https:\/\/sophro-epokhe.fr\/"},{"@type":"ListItem","position":2,"name":"Prestations et tarifs"}]},{"@type":"WebSite","@id":"https:\/\/sophro-epokhe.fr\/#website","url":"https:\/\/sophro-epokhe.fr\/","name":"Sophro Epokhe","description":"","publisher":{"@id":"https:\/\/sophro-epokhe.fr\/#organization"},"potentialAction":[{"@type":"SearchAction","target":{"@type":"EntryPoint","urlTemplate":"https:\/\/sophro-epokhe.fr\/?s={search_term_string}"},"query-input":{"@type":"PropertyValueSpecification","valueRequired":true,"valueName":"search_term_string"}}],"inLanguage":"fr-FR"},{"@type":"Organization","@id":"https:\/\/sophro-epokhe.fr\/#organization","name":"Sophro Epokhe","url":"https:\/\/sophro-epokhe.fr\/","logo":{"@type":"ImageObject","inLanguage":"fr-FR","@id":"https:\/\/sophro-epokhe.fr\/#\/schema\/logo\/image\/","url":"https:\/\/sophro-epokhe.fr\/wp-content\/uploads\/2024\/04\/cropped-logo.jpg","contentUrl":"https:\/\/sophro-epokhe.fr\/wp-content\/uploads\/2024\/04\/cropped-logo.jpg","width":384,"height":384,"caption":"Sophro Epokhe"},"image":{"@id":"https:\/\/sophro-epokhe.fr\/#\/schema\/logo\/image\/"}}]}},"_links":{"self":[{"href":"https:\/\/sophro-epokhe.fr\/index.php?rest_route=\/wp\/v2\/pages\/439","targetHints":{"allow":["GET"]}}],"collection":[{"href":"https:\/\/sophro-epokhe.fr\/index.php?rest_route=\/wp\/v2\/pages"}],"about":[{"href":"https:\/\/sophro-epokhe.fr\/index.php?rest_route=\/wp\/v2\/types\/page"}],"author":[{"embeddable":true,"href":"https:\/\/sophro-epokhe.fr\/index.php?rest_route=\/wp\/v2\/users\/1"}],"replies":[{"embeddable":true,"href":"https:\/\/sophro-epokhe.fr\/index.php?rest_route=%2Fwp%2Fv2%2Fcomments&post=439"}],"version-history":[{"count":121,"href":"https:\/\/sophro-epokhe.fr\/index.php?rest_route=\/wp\/v2\/pages\/439\/revisions"}],"predecessor-version":[{"id":1404,"href":"https:\/\/sophro-epokhe.fr\/index.php?rest_route=\/wp\/v2\/pages\/439\/revisions\/1404"}],"wp:attachment":[{"href":"https:\/\/sophro-epokhe.fr\/index.php?rest_route=%2Fwp%2Fv2%2Fmedia&parent=439"}],"curies":[{"name":"wp","href":"https:\/\/api.w.org\/{rel}","templated":true}]}}