{"id":442,"date":"2024-02-07T11:25:44","date_gmt":"2024-02-07T10:25:44","guid":{"rendered":"https:\/\/sophro-epokhe.fr\/?page_id=442"},"modified":"2024-06-14T16:23:34","modified_gmt":"2024-06-14T14:23:34","slug":"champs-dapplication","status":"publish","type":"page","link":"https:\/\/sophro-epokhe.fr\/?page_id=442","title":{"rendered":"Champs d&rsquo;application"},"content":{"rendered":"\n<p class=\"has-text-color has-link-color wp-elements-198d8dbe75593d7f5e187d8ba6401e04\" style=\"color:#393939\"><strong>La sophrologie vous accompagne dans divers domaines&nbsp;:<\/strong><\/p>\n\n\n\n<div class=\"wp-block-media-text has-media-on-the-right is-stacked-on-mobile is-vertically-aligned-center is-image-fill has-text-color has-link-color wp-elements-d64616f7eded97ccf9b7530d1ebf1ce5\" style=\"color:#393939;grid-template-columns:auto 43%\"><div class=\"wp-block-media-text__content\">\n<ul class=\"has-black-color has-text-color has-link-color wp-block-list wp-elements-9ec592c4c32058bf7d63df4044ee430e\">\n<li><strong>Am\u00e9lioration de son bien-\u00eatre<\/strong>\n<ul class=\"wp-block-list\">\n<li>Aide \u00e0 r\u00e9duire le stress, l\u2019anxi\u00e9t\u00e9, les addictions, les phobies <\/li>\n\n\n\n<li>Accueil des \u00e9motions et renforcement des capacit\u00e9s d\u2019action<\/li>\n\n\n\n<li>Am\u00e9lioration de ses capacit\u00e9s cognitives&nbsp;: concentration, m\u00e9moire, confiance en soi, estime de soi<\/li>\n\n\n\n<li>Am\u00e9lioration de la qualit\u00e9 du sommeil<\/li>\n<\/ul>\n<\/li>\n<\/ul>\n<\/div><figure class=\"wp-block-media-text__media\" style=\"background-image:url(https:\/\/sophro-epokhe.fr\/wp-content\/uploads\/2024\/03\/02Sophrologie-relaxation-dynamique-stress-detente-respiration-parenthese-verrieres-le-buisson-91370-v5.jpg);background-position:50% 50%\"><img loading=\"lazy\" decoding=\"async\" width=\"512\" height=\"341\" src=\"https:\/\/sophro-epokhe.fr\/wp-content\/uploads\/2024\/03\/02Sophrologie-relaxation-dynamique-stress-detente-respiration-parenthese-verrieres-le-buisson-91370-v5.jpg\" alt=\"\" class=\"wp-image-920 size-full\" srcset=\"https:\/\/sophro-epokhe.fr\/wp-content\/uploads\/2024\/03\/02Sophrologie-relaxation-dynamique-stress-detente-respiration-parenthese-verrieres-le-buisson-91370-v5.jpg 512w, https:\/\/sophro-epokhe.fr\/wp-content\/uploads\/2024\/03\/02Sophrologie-relaxation-dynamique-stress-detente-respiration-parenthese-verrieres-le-buisson-91370-v5-300x200.jpg 300w\" sizes=\"auto, (max-width: 512px) 100vw, 512px\" \/><\/figure><\/div>\n\n\n\n<div class=\"wp-block-media-text is-stacked-on-mobile has-black-color has-text-color has-link-color wp-elements-9a63067ec7bd59b842be3d904db723f0\" style=\"grid-template-columns:42% auto\"><figure class=\"wp-block-media-text__media\"><img loading=\"lazy\" decoding=\"async\" width=\"1000\" height=\"667\" src=\"https:\/\/sophro-epokhe.fr\/wp-content\/uploads\/2024\/02\/05Sophrologie-relaxation-dynamique-stress-detente-respiration-parenthese-verrieres-le-buisson-91370-1.jpg\" alt=\"\" class=\"wp-image-471 size-full\" srcset=\"https:\/\/sophro-epokhe.fr\/wp-content\/uploads\/2024\/02\/05Sophrologie-relaxation-dynamique-stress-detente-respiration-parenthese-verrieres-le-buisson-91370-1.jpg 1000w, https:\/\/sophro-epokhe.fr\/wp-content\/uploads\/2024\/02\/05Sophrologie-relaxation-dynamique-stress-detente-respiration-parenthese-verrieres-le-buisson-91370-1-300x200.jpg 300w, https:\/\/sophro-epokhe.fr\/wp-content\/uploads\/2024\/02\/05Sophrologie-relaxation-dynamique-stress-detente-respiration-parenthese-verrieres-le-buisson-91370-1-768x512.jpg 768w\" sizes=\"auto, (max-width: 1000px) 100vw, 1000px\" \/><\/figure><div class=\"wp-block-media-text__content\">\n<ul style=\"color:#393939\" class=\"has-text-color has-link-color wp-block-list wp-elements-22d17d7878859e21d05444bb32d4effb\">\n<li><strong>Pr\u00e9paration \u00e0 une \u00e9preuve&nbsp;:<\/strong> \n<ul class=\"wp-block-list\">\n<li>comp\u00e9tition sportive<\/li>\n\n\n\n<li>passage du permis de conduire, un entretien, un examen scolaire ou m\u00e9dical<\/li>\n\n\n\n<li>prise de parole en public<\/li>\n<\/ul>\n<\/li>\n\n\n\n<li><strong>Pr\u00e9paration \u00e0 un changement de vie personnelle&nbsp;: <\/strong>accompagnement \u00e0 la naissance, s\u00e9paration, divorce, deuil\u2026<\/li>\n<\/ul>\n<\/div><\/div>\n\n\n\n<div class=\"wp-block-media-text has-media-on-the-right is-stacked-on-mobile has-text-color has-link-color wp-elements-d646105443aca381b256c862995712be\" style=\"color:#393939;grid-template-columns:auto 37%\"><div class=\"wp-block-media-text__content\">\n<ul class=\"wp-block-list\">\n<li><strong>Pr\u00e9paration \u00e0 un changement de vie professionnelle :<\/strong> nouveau m\u00e9tier, perte d\u2019emploi, retraite<\/li>\n\n\n\n<li><strong>Reconstruction apr\u00e8s un burn-out<\/strong><\/li>\n\n\n\n<li><strong>Pr\u00e9vention des risques psycho-sociaux<\/strong><\/li>\n<\/ul>\n<\/div><figure class=\"wp-block-media-text__media\"><img loading=\"lazy\" decoding=\"async\" width=\"1000\" height=\"750\" src=\"https:\/\/sophro-epokhe.fr\/wp-content\/uploads\/2024\/03\/35Sophrologie-relaxation-dynamique-stress-detente-respiration-parenthese-verrieres-le-buisson-91370.jpg\" alt=\"\" class=\"wp-image-925 size-full\" srcset=\"https:\/\/sophro-epokhe.fr\/wp-content\/uploads\/2024\/03\/35Sophrologie-relaxation-dynamique-stress-detente-respiration-parenthese-verrieres-le-buisson-91370.jpg 1000w, https:\/\/sophro-epokhe.fr\/wp-content\/uploads\/2024\/03\/35Sophrologie-relaxation-dynamique-stress-detente-respiration-parenthese-verrieres-le-buisson-91370-300x225.jpg 300w, https:\/\/sophro-epokhe.fr\/wp-content\/uploads\/2024\/03\/35Sophrologie-relaxation-dynamique-stress-detente-respiration-parenthese-verrieres-le-buisson-91370-768x576.jpg 768w\" sizes=\"auto, (max-width: 1000px) 100vw, 1000px\" \/><\/figure><\/div>\n\n\n\n<p><\/p>\n\n\n\n<ul style=\"color:#393939\" class=\"has-text-color has-link-color wp-block-list wp-elements-f1109f18fbcdec6407ddb7a800e6751d\">\n<li>Dans le <strong>domaine m\u00e9dical<\/strong>, la <strong>sophrologie <\/strong>peut \u00eatre indiqu\u00e9e en <strong>support th\u00e9rapeutique<\/strong>&nbsp;pour accompagner :<ul><li>la gestion de la douleur, les troubles alimentaires, les acouph\u00e8nes<\/li><\/ul>\n<ul class=\"wp-block-list\">\n<li>les pathologies li\u00e9es au stress, \u00e0 la d\u00e9pression<\/li>\n\n\n\n<li>les soins infirmiers, kin\u00e9sith\u00e9rapie, psychologie, odontologie, oncologie<\/li>\n<\/ul>\n<\/li>\n<\/ul>\n\n\n\n<p class=\"has-text-color has-link-color wp-elements-1e64c69b2b6209ed1257992fbae34d89\" style=\"color:#393939\"><em>Il est important de noter que la sophrologie intervient <strong>en compl\u00e9ment<\/strong> d\u2019un traitement m\u00e9dical et ne s\u2019y substitue pas.&nbsp;<\/em><\/p>\n\n\n\n<h2 class=\"wp-block-heading has-text-align-center has-text-color has-background has-link-color wp-elements-c5215ad78f1a053cdffb2520a76d647b\" style=\"color:#393939;background-color:#c2c47f\">Pour qui ? <\/h2>\n\n\n\n<p class=\"has-text-color has-link-color wp-elements-d511151e042aaac40b09af435f8842a3\" style=\"color:#393939\">La sophrologie s\u2019adresse \u00e0 tout public : <\/p>\n\n\n\n<ul style=\"color:#393939\" class=\"has-text-color has-link-color wp-block-list wp-elements-9724c3d73b7812e76d1c1d1008a83a8d\">\n<li>enfants \u00e0 partir de 6 ans<\/li>\n\n\n\n<li>adolescents<\/li>\n\n\n\n<li>adultes<\/li>\n\n\n\n<li>seniors<\/li>\n<\/ul>\n\n\n\n<p class=\"has-text-color has-link-color wp-elements-737baac03662c539f7612a24f5645dc5\" style=\"color:#393939\">La sophrologie est une discipline qui s\u2019adapte aux besoins et aux contraintes de chacun.<\/p>\n","protected":false},"excerpt":{"rendered":"<p>La sophrologie vous accompagne dans divers domaines&nbsp;: Il est important de noter que la sophrologie intervient en compl\u00e9ment d\u2019un traitement m\u00e9dical et ne s\u2019y substitue pas.&nbsp; Pour qui ? La sophrologie s\u2019adresse \u00e0 tout public : La sophrologie est une discipline qui s\u2019adapte aux besoins et aux contraintes de chacun.<\/p>\n","protected":false},"author":1,"featured_media":0,"parent":0,"menu_order":0,"comment_status":"closed","ping_status":"closed","template":"","meta":{"footnotes":""},"class_list":["post-442","page","type-page","status-publish","hentry"],"yoast_head":"<!-- This site is optimized with the Yoast SEO plugin v27.3 - https:\/\/yoast.com\/product\/yoast-seo-wordpress\/ -->\n<title>Champs d&#039;application - Sophro Epokhe<\/title>\n<meta name=\"description\" content=\"La pratique de la sophrologie permet de r\u00e9duire son stress, se pr\u00e9parer \u00e0 un examen, am\u00e9liorer son sommeil, retrouver confiance en soi.\" \/>\n<meta name=\"robots\" content=\"index, follow, max-snippet:-1, max-image-preview:large, max-video-preview:-1\" \/>\n<link rel=\"canonical\" href=\"https:\/\/sophro-epokhe.fr\/?page_id=442\" \/>\n<meta property=\"og:locale\" content=\"fr_FR\" \/>\n<meta property=\"og:type\" content=\"article\" \/>\n<meta property=\"og:title\" content=\"Champs d&#039;application - Sophro Epokhe\" \/>\n<meta property=\"og:description\" content=\"La pratique de la sophrologie permet de r\u00e9duire son stress, se pr\u00e9parer \u00e0 un examen, am\u00e9liorer son sommeil, retrouver confiance en soi.\" \/>\n<meta property=\"og:url\" content=\"https:\/\/sophro-epokhe.fr\/?page_id=442\" \/>\n<meta property=\"og:site_name\" content=\"Sophro Epokhe\" \/>\n<meta property=\"article:modified_time\" content=\"2024-06-14T14:23:34+00:00\" \/>\n<meta property=\"og:image\" content=\"https:\/\/sophro-epokhe.fr\/wp-content\/uploads\/2024\/03\/02Sophrologie-relaxation-dynamique-stress-detente-respiration-parenthese-verrieres-le-buisson-91370-v5.jpg\" \/>\n<meta name=\"twitter:card\" content=\"summary_large_image\" \/>\n<meta name=\"twitter:label1\" content=\"Dur\u00e9e de lecture estim\u00e9e\" \/>\n\t<meta name=\"twitter:data1\" content=\"2 minutes\" \/>\n<script type=\"application\/ld+json\" class=\"yoast-schema-graph\">{\"@context\":\"https:\\\/\\\/schema.org\",\"@graph\":[{\"@type\":\"WebPage\",\"@id\":\"https:\\\/\\\/sophro-epokhe.fr\\\/?page_id=442\",\"url\":\"https:\\\/\\\/sophro-epokhe.fr\\\/?page_id=442\",\"name\":\"Champs d'application - Sophro Epokhe\",\"isPartOf\":{\"@id\":\"https:\\\/\\\/sophro-epokhe.fr\\\/#website\"},\"primaryImageOfPage\":{\"@id\":\"https:\\\/\\\/sophro-epokhe.fr\\\/?page_id=442#primaryimage\"},\"image\":{\"@id\":\"https:\\\/\\\/sophro-epokhe.fr\\\/?page_id=442#primaryimage\"},\"thumbnailUrl\":\"https:\\\/\\\/sophro-epokhe.fr\\\/wp-content\\\/uploads\\\/2024\\\/03\\\/02Sophrologie-relaxation-dynamique-stress-detente-respiration-parenthese-verrieres-le-buisson-91370-v5.jpg\",\"datePublished\":\"2024-02-07T10:25:44+00:00\",\"dateModified\":\"2024-06-14T14:23:34+00:00\",\"description\":\"La pratique de la sophrologie permet de r\u00e9duire son stress, se pr\u00e9parer \u00e0 un examen, am\u00e9liorer son sommeil, retrouver confiance en soi.\",\"breadcrumb\":{\"@id\":\"https:\\\/\\\/sophro-epokhe.fr\\\/?page_id=442#breadcrumb\"},\"inLanguage\":\"fr-FR\",\"potentialAction\":[{\"@type\":\"ReadAction\",\"target\":[\"https:\\\/\\\/sophro-epokhe.fr\\\/?page_id=442\"]}]},{\"@type\":\"ImageObject\",\"inLanguage\":\"fr-FR\",\"@id\":\"https:\\\/\\\/sophro-epokhe.fr\\\/?page_id=442#primaryimage\",\"url\":\"https:\\\/\\\/sophro-epokhe.fr\\\/wp-content\\\/uploads\\\/2024\\\/03\\\/02Sophrologie-relaxation-dynamique-stress-detente-respiration-parenthese-verrieres-le-buisson-91370-v5.jpg\",\"contentUrl\":\"https:\\\/\\\/sophro-epokhe.fr\\\/wp-content\\\/uploads\\\/2024\\\/03\\\/02Sophrologie-relaxation-dynamique-stress-detente-respiration-parenthese-verrieres-le-buisson-91370-v5.jpg\",\"width\":512,\"height\":341},{\"@type\":\"BreadcrumbList\",\"@id\":\"https:\\\/\\\/sophro-epokhe.fr\\\/?page_id=442#breadcrumb\",\"itemListElement\":[{\"@type\":\"ListItem\",\"position\":1,\"name\":\"Accueil\",\"item\":\"https:\\\/\\\/sophro-epokhe.fr\\\/\"},{\"@type\":\"ListItem\",\"position\":2,\"name\":\"Champs d&rsquo;application\"}]},{\"@type\":\"WebSite\",\"@id\":\"https:\\\/\\\/sophro-epokhe.fr\\\/#website\",\"url\":\"https:\\\/\\\/sophro-epokhe.fr\\\/\",\"name\":\"Sophro Epokhe\",\"description\":\"\",\"publisher\":{\"@id\":\"https:\\\/\\\/sophro-epokhe.fr\\\/#organization\"},\"potentialAction\":[{\"@type\":\"SearchAction\",\"target\":{\"@type\":\"EntryPoint\",\"urlTemplate\":\"https:\\\/\\\/sophro-epokhe.fr\\\/?s={search_term_string}\"},\"query-input\":{\"@type\":\"PropertyValueSpecification\",\"valueRequired\":true,\"valueName\":\"search_term_string\"}}],\"inLanguage\":\"fr-FR\"},{\"@type\":\"Organization\",\"@id\":\"https:\\\/\\\/sophro-epokhe.fr\\\/#organization\",\"name\":\"Sophro Epokhe\",\"url\":\"https:\\\/\\\/sophro-epokhe.fr\\\/\",\"logo\":{\"@type\":\"ImageObject\",\"inLanguage\":\"fr-FR\",\"@id\":\"https:\\\/\\\/sophro-epokhe.fr\\\/#\\\/schema\\\/logo\\\/image\\\/\",\"url\":\"https:\\\/\\\/sophro-epokhe.fr\\\/wp-content\\\/uploads\\\/2024\\\/04\\\/cropped-logo.jpg\",\"contentUrl\":\"https:\\\/\\\/sophro-epokhe.fr\\\/wp-content\\\/uploads\\\/2024\\\/04\\\/cropped-logo.jpg\",\"width\":384,\"height\":384,\"caption\":\"Sophro Epokhe\"},\"image\":{\"@id\":\"https:\\\/\\\/sophro-epokhe.fr\\\/#\\\/schema\\\/logo\\\/image\\\/\"}}]}<\/script>\n<!-- \/ Yoast SEO plugin. -->","yoast_head_json":{"title":"Champs d'application - Sophro Epokhe","description":"La pratique de la sophrologie permet de r\u00e9duire son stress, se pr\u00e9parer \u00e0 un examen, am\u00e9liorer son sommeil, retrouver confiance en soi.","robots":{"index":"index","follow":"follow","max-snippet":"max-snippet:-1","max-image-preview":"max-image-preview:large","max-video-preview":"max-video-preview:-1"},"canonical":"https:\/\/sophro-epokhe.fr\/?page_id=442","og_locale":"fr_FR","og_type":"article","og_title":"Champs d'application - Sophro Epokhe","og_description":"La pratique de la sophrologie permet de r\u00e9duire son stress, se pr\u00e9parer \u00e0 un examen, am\u00e9liorer son sommeil, retrouver confiance en soi.","og_url":"https:\/\/sophro-epokhe.fr\/?page_id=442","og_site_name":"Sophro Epokhe","article_modified_time":"2024-06-14T14:23:34+00:00","og_image":[{"url":"https:\/\/sophro-epokhe.fr\/wp-content\/uploads\/2024\/03\/02Sophrologie-relaxation-dynamique-stress-detente-respiration-parenthese-verrieres-le-buisson-91370-v5.jpg","type":"","width":"","height":""}],"twitter_card":"summary_large_image","twitter_misc":{"Dur\u00e9e de lecture estim\u00e9e":"2 minutes"},"schema":{"@context":"https:\/\/schema.org","@graph":[{"@type":"WebPage","@id":"https:\/\/sophro-epokhe.fr\/?page_id=442","url":"https:\/\/sophro-epokhe.fr\/?page_id=442","name":"Champs d'application - Sophro Epokhe","isPartOf":{"@id":"https:\/\/sophro-epokhe.fr\/#website"},"primaryImageOfPage":{"@id":"https:\/\/sophro-epokhe.fr\/?page_id=442#primaryimage"},"image":{"@id":"https:\/\/sophro-epokhe.fr\/?page_id=442#primaryimage"},"thumbnailUrl":"https:\/\/sophro-epokhe.fr\/wp-content\/uploads\/2024\/03\/02Sophrologie-relaxation-dynamique-stress-detente-respiration-parenthese-verrieres-le-buisson-91370-v5.jpg","datePublished":"2024-02-07T10:25:44+00:00","dateModified":"2024-06-14T14:23:34+00:00","description":"La pratique de la sophrologie permet de r\u00e9duire son stress, se pr\u00e9parer \u00e0 un examen, am\u00e9liorer son sommeil, retrouver confiance en soi.","breadcrumb":{"@id":"https:\/\/sophro-epokhe.fr\/?page_id=442#breadcrumb"},"inLanguage":"fr-FR","potentialAction":[{"@type":"ReadAction","target":["https:\/\/sophro-epokhe.fr\/?page_id=442"]}]},{"@type":"ImageObject","inLanguage":"fr-FR","@id":"https:\/\/sophro-epokhe.fr\/?page_id=442#primaryimage","url":"https:\/\/sophro-epokhe.fr\/wp-content\/uploads\/2024\/03\/02Sophrologie-relaxation-dynamique-stress-detente-respiration-parenthese-verrieres-le-buisson-91370-v5.jpg","contentUrl":"https:\/\/sophro-epokhe.fr\/wp-content\/uploads\/2024\/03\/02Sophrologie-relaxation-dynamique-stress-detente-respiration-parenthese-verrieres-le-buisson-91370-v5.jpg","width":512,"height":341},{"@type":"BreadcrumbList","@id":"https:\/\/sophro-epokhe.fr\/?page_id=442#breadcrumb","itemListElement":[{"@type":"ListItem","position":1,"name":"Accueil","item":"https:\/\/sophro-epokhe.fr\/"},{"@type":"ListItem","position":2,"name":"Champs d&rsquo;application"}]},{"@type":"WebSite","@id":"https:\/\/sophro-epokhe.fr\/#website","url":"https:\/\/sophro-epokhe.fr\/","name":"Sophro Epokhe","description":"","publisher":{"@id":"https:\/\/sophro-epokhe.fr\/#organization"},"potentialAction":[{"@type":"SearchAction","target":{"@type":"EntryPoint","urlTemplate":"https:\/\/sophro-epokhe.fr\/?s={search_term_string}"},"query-input":{"@type":"PropertyValueSpecification","valueRequired":true,"valueName":"search_term_string"}}],"inLanguage":"fr-FR"},{"@type":"Organization","@id":"https:\/\/sophro-epokhe.fr\/#organization","name":"Sophro Epokhe","url":"https:\/\/sophro-epokhe.fr\/","logo":{"@type":"ImageObject","inLanguage":"fr-FR","@id":"https:\/\/sophro-epokhe.fr\/#\/schema\/logo\/image\/","url":"https:\/\/sophro-epokhe.fr\/wp-content\/uploads\/2024\/04\/cropped-logo.jpg","contentUrl":"https:\/\/sophro-epokhe.fr\/wp-content\/uploads\/2024\/04\/cropped-logo.jpg","width":384,"height":384,"caption":"Sophro Epokhe"},"image":{"@id":"https:\/\/sophro-epokhe.fr\/#\/schema\/logo\/image\/"}}]}},"_links":{"self":[{"href":"https:\/\/sophro-epokhe.fr\/index.php?rest_route=\/wp\/v2\/pages\/442","targetHints":{"allow":["GET"]}}],"collection":[{"href":"https:\/\/sophro-epokhe.fr\/index.php?rest_route=\/wp\/v2\/pages"}],"about":[{"href":"https:\/\/sophro-epokhe.fr\/index.php?rest_route=\/wp\/v2\/types\/page"}],"author":[{"embeddable":true,"href":"https:\/\/sophro-epokhe.fr\/index.php?rest_route=\/wp\/v2\/users\/1"}],"replies":[{"embeddable":true,"href":"https:\/\/sophro-epokhe.fr\/index.php?rest_route=%2Fwp%2Fv2%2Fcomments&post=442"}],"version-history":[{"count":31,"href":"https:\/\/sophro-epokhe.fr\/index.php?rest_route=\/wp\/v2\/pages\/442\/revisions"}],"predecessor-version":[{"id":1304,"href":"https:\/\/sophro-epokhe.fr\/index.php?rest_route=\/wp\/v2\/pages\/442\/revisions\/1304"}],"wp:attachment":[{"href":"https:\/\/sophro-epokhe.fr\/index.php?rest_route=%2Fwp%2Fv2%2Fmedia&parent=442"}],"curies":[{"name":"wp","href":"https:\/\/api.w.org\/{rel}","templated":true}]}}